{"id":267,"date":"2015-09-13T10:55:36","date_gmt":"2015-09-13T13:55:36","guid":{"rendered":"http:\/\/www.cssigniter.com\/vip\/untoldstories\/?page_id=267"},"modified":"2019-09-24T09:09:36","modified_gmt":"2019-09-24T12:09:36","slug":"about-me","status":"publish","type":"page","link":"https:\/\/casalarovere.com.ar\/index.php\/about-me\/","title":{"rendered":"La Empresa"},"content":{"rendered":"<p><img loading=\"lazy\" decoding=\"async\" class=\"size-medium wp-image-807 alignleft\" src=\"https:\/\/casalarovere.com.ar\/wp-content\/uploads\/2019\/09\/WhatsApp-Image-2019-08-29-at-08.26.37-242x300.jpeg\" alt=\"\" width=\"242\" height=\"300\" srcset=\"https:\/\/casalarovere.com.ar\/wp-content\/uploads\/2019\/09\/WhatsApp-Image-2019-08-29-at-08.26.37-242x300.jpeg 242w, https:\/\/casalarovere.com.ar\/wp-content\/uploads\/2019\/09\/WhatsApp-Image-2019-08-29-at-08.26.37-768x952.jpeg 768w, https:\/\/casalarovere.com.ar\/wp-content\/uploads\/2019\/09\/WhatsApp-Image-2019-08-29-at-08.26.37-826x1024.jpeg 826w, https:\/\/casalarovere.com.ar\/wp-content\/uploads\/2019\/09\/WhatsApp-Image-2019-08-29-at-08.26.37-1024x1269.jpeg 1024w, https:\/\/casalarovere.com.ar\/wp-content\/uploads\/2019\/09\/WhatsApp-Image-2019-08-29-at-08.26.37-872x1080.jpeg 872w, https:\/\/casalarovere.com.ar\/wp-content\/uploads\/2019\/09\/WhatsApp-Image-2019-08-29-at-08.26.37-600x743.jpeg 600w, https:\/\/casalarovere.com.ar\/wp-content\/uploads\/2019\/09\/WhatsApp-Image-2019-08-29-at-08.26.37.jpeg 1033w\" sizes=\"auto, (max-width: 242px) 100vw, 242px\" \/><\/p>\n<p><img loading=\"lazy\" decoding=\"async\" class=\"alignnone size-full wp-image-1177\" src=\"https:\/\/casalarovere.com.ar\/wp-content\/uploads\/2019\/09\/tarjeta.jpg\" alt=\"\" width=\"250\" height=\"147\" \/><\/p>\n<p>Casa Larovere fue fundada en 1972 por el Sr. N\u00e9lido Larovere, originalmente dedicada al pulido y refacci\u00f3n de capillas ardientes. Por aquellos a\u00f1os, no exist\u00edan salas velatorias, por lo que cada empresa (cocher\u00eda) deb\u00eda tener un buen stock de capillas en condiciones \u00f3ptimas.<\/p>\n<p>Con el paso del tiempo y los cambios que se fueron efectuando tanto econ\u00f3mica como comercialmente, comenzamos a ver la necesidad de ampliar nuestra oferta de servicios, as\u00ed como tambi\u00e9n, de mejorar la calidad de los mismos.<\/p>\n<p>Desde la aparici\u00f3n de las Salas Velatorias y las primeras Cooperativas, y ya de la mano de uno de los hijos de Don N\u00e9lido, la empresa fue creciendo y expandiendo sus fronteras. As\u00ed hoy logra brindar un servicio integral y permanente a todas las empresas ligadas al rubro.<\/p>\n<p>Gracias a nuestros amigos y clientes que confiaron en nosotros y apoyaron nuestro emprendimiento, hoy nos mantenemos vigentes y en constante crecimiento.<\/p>\n","protected":false},"excerpt":{"rendered":"<p>Casa Larovere fue fundada en 1972 por el Sr. N\u00e9lido Larovere, originalmente dedicada al pulido y refacci\u00f3n de capillas ardientes. Por aquellos a\u00f1os, no exist\u00edan salas velatorias, por lo que cada empresa (cocher\u00eda) deb\u00eda tener un buen stock de capillas en condiciones \u00f3ptimas. Con el paso del tiempo y los cambios que se fueron efectuando&hellip; <br \/> <a class=\"read-more\" href=\"https:\/\/casalarovere.com.ar\/index.php\/about-me\/\">Leer m\u00e1s<\/a><\/p>\n","protected":false},"author":1,"featured_media":27,"parent":0,"menu_order":0,"comment_status":"closed","ping_status":"closed","template":"","meta":{"footnotes":""},"class_list":["post-267","page","type-page","status-publish","has-post-thumbnail","hentry"],"_hostinger_reach_plugin_has_subscription_block":false,"_hostinger_reach_plugin_is_elementor":false,"_links":{"self":[{"href":"https:\/\/casalarovere.com.ar\/index.php\/wp-json\/wp\/v2\/pages\/267","targetHints":{"allow":["GET"]}}],"collection":[{"href":"https:\/\/casalarovere.com.ar\/index.php\/wp-json\/wp\/v2\/pages"}],"about":[{"href":"https:\/\/casalarovere.com.ar\/index.php\/wp-json\/wp\/v2\/types\/page"}],"author":[{"embeddable":true,"href":"https:\/\/casalarovere.com.ar\/index.php\/wp-json\/wp\/v2\/users\/1"}],"replies":[{"embeddable":true,"href":"https:\/\/casalarovere.com.ar\/index.php\/wp-json\/wp\/v2\/comments?post=267"}],"version-history":[{"count":4,"href":"https:\/\/casalarovere.com.ar\/index.php\/wp-json\/wp\/v2\/pages\/267\/revisions"}],"predecessor-version":[{"id":1186,"href":"https:\/\/casalarovere.com.ar\/index.php\/wp-json\/wp\/v2\/pages\/267\/revisions\/1186"}],"wp:featuredmedia":[{"embeddable":true,"href":"https:\/\/casalarovere.com.ar\/index.php\/wp-json\/wp\/v2\/media\/27"}],"wp:attachment":[{"href":"https:\/\/casalarovere.com.ar\/index.php\/wp-json\/wp\/v2\/media?parent=267"}],"curies":[{"name":"wp","href":"https:\/\/api.w.org\/{rel}","templated":true}]}}