{"id":10,"date":"2019-07-16T00:38:12","date_gmt":"2019-07-15T22:38:12","guid":{"rendered":"http:\/\/casalarovere.com.ar\/?page_id=10"},"modified":"2019-09-11T18:58:54","modified_gmt":"2019-09-11T21:58:54","slug":"condiciones-de-venta","status":"publish","type":"page","link":"https:\/\/casalarovere.com.ar\/index.php\/condiciones-de-venta\/","title":{"rendered":"Condiciones de Venta"},"content":{"rendered":"\n<p>&#8211; En caso de no poseer stock en el momento en que usted realice el pedido, la empresa requiere entre 30 a 45 d\u00edas para enviarle el producto. Debido a mejoras o problemas con la reposici\u00f3n de materia prima, la empresa puede hacer cambios sin previo aviso.<\/p>\n\n\n\n<h3 class=\"wp-block-heading\">Log\u00edstica y Entrega<\/h3>\n\n\n\n<p>Transporte propio, seg\u00fan recorrido o convenio previo<br>Mercader\u00eda despachada desde&nbsp;c\u00f3rdoba o rosario a todo el pa\u00eds coordinando expreso o transporte preferido, flete a cargo del comprador.<\/p>\n\n\n\n<h3 class=\"wp-block-heading\">Formas de pago<\/h3>\n\n\n\n<p>&#8211; Se reciben capillas en parte de pago<br>&#8211; Financiaci\u00f3n: plazo a convenir contra valores \u00fanicamente<br>&#8211; Contado: 10 %\u00a0 descuento ( efectivo )<\/p>\n\n\n\n<p><\/p>\n","protected":false},"excerpt":{"rendered":"<p>&#8211; En caso de no poseer stock en el momento en que usted realice el pedido, la empresa requiere entre 30 a 45 d\u00edas para enviarle el producto. Debido a mejoras o problemas con la reposici\u00f3n de materia prima, la empresa puede hacer cambios sin previo aviso. Log\u00edstica y Entrega Transporte propio, seg\u00fan recorrido o&hellip; <br \/> <a class=\"read-more\" href=\"https:\/\/casalarovere.com.ar\/index.php\/condiciones-de-venta\/\">Leer m\u00e1s<\/a><\/p>\n","protected":false},"author":1,"featured_media":0,"parent":0,"menu_order":0,"comment_status":"closed","ping_status":"closed","template":"","meta":{"footnotes":""},"class_list":["post-10","page","type-page","status-publish","hentry"],"_hostinger_reach_plugin_has_subscription_block":false,"_hostinger_reach_plugin_is_elementor":false,"_links":{"self":[{"href":"https:\/\/casalarovere.com.ar\/index.php\/wp-json\/wp\/v2\/pages\/10","targetHints":{"allow":["GET"]}}],"collection":[{"href":"https:\/\/casalarovere.com.ar\/index.php\/wp-json\/wp\/v2\/pages"}],"about":[{"href":"https:\/\/casalarovere.com.ar\/index.php\/wp-json\/wp\/v2\/types\/page"}],"author":[{"embeddable":true,"href":"https:\/\/casalarovere.com.ar\/index.php\/wp-json\/wp\/v2\/users\/1"}],"replies":[{"embeddable":true,"href":"https:\/\/casalarovere.com.ar\/index.php\/wp-json\/wp\/v2\/comments?post=10"}],"version-history":[{"count":3,"href":"https:\/\/casalarovere.com.ar\/index.php\/wp-json\/wp\/v2\/pages\/10\/revisions"}],"predecessor-version":[{"id":812,"href":"https:\/\/casalarovere.com.ar\/index.php\/wp-json\/wp\/v2\/pages\/10\/revisions\/812"}],"wp:attachment":[{"href":"https:\/\/casalarovere.com.ar\/index.php\/wp-json\/wp\/v2\/media?parent=10"}],"curies":[{"name":"wp","href":"https:\/\/api.w.org\/{rel}","templated":true}]}}